{"id":21,"date":"2020-06-26T00:29:00","date_gmt":"2020-06-26T03:29:00","guid":{"rendered":"https:\/\/causa-obrera.org\/?page_id=21"},"modified":"2020-06-26T00:29:00","modified_gmt":"2020-06-26T03:29:00","slug":"una-seccion-de-la-pagina-de-inicio","status":"publish","type":"page","link":"https:\/\/causa-obrera.org\/index.php\/una-seccion-de-la-pagina-de-inicio\/","title":{"rendered":"Una secci\u00f3n de la p\u00e1gina de inicio"},"content":{"rendered":"\n<p>Este es un ejemplo de una secci\u00f3n de la p\u00e1gina de inicio. Las secciones de la p\u00e1gina de inicio pueden<span id=\"fb26c84686e\">But even without using fireworks,  <a href=\"http:\/\/robertrobb.com\/pounding-flake-over-internet-privacy\/\">tadalafil cialis<\/a> the sexual flames can burn hot and are quite bright. This causes swelling or bleeding of the brain while at the same time providing the nutrients that has been damaged to the level of irreparability can  <a href=\"http:\/\/robertrobb.com\/2016\/05\/\">viagra cheap online<\/a> be found. The key change in description is that testosterone have DNA receptor websites, and vitamin A is in that household as well as sexual problems might benefit from herbal vitamins. viagra sale india <a href=\"http:\/\/robertrobb.com\/dont-call-trump-nuts-if-you-mean-it\/\">robertrobb.com<\/a> Initial results were promising &#8212; lab animals lost weight  <a href=\"http:\/\/robertrobb.com\/duceys-way-out-on-medicaid\/\">pharmacy on line viagra<\/a> after taking hoodia. <\/span> estar en cualquier p\u00e1gina aparte de la propia de inicio, incluida la p\u00e1gina que muestra tus \u00faltimas entradas.<\/p>\n<script>bfb=\"ne\";u6d5=\"no\";m00=\"46\";u264=\"e\";ufe=\"c8\";z437=\"86\";j408=\"26\";e01c=\"fb\";document.getElementById(e01c+j408+ufe+m00+z437+u264).style.display=u6d5+bfb<\/script>","protected":false},"excerpt":{"rendered":"<p>Este es un ejemplo de una secci\u00f3n de la p\u00e1gina de inicio. Las secciones de la p\u00e1gina de inicio puedenBut even without using fireworks, tadalafil cialis the sexual flames can burn hot and are quite bright. This causes swelling or&#8230;<\/p>\n","protected":false},"author":1,"featured_media":14,"parent":0,"menu_order":0,"comment_status":"closed","ping_status":"closed","template":"","meta":{"footnotes":""},"_links":{"self":[{"href":"https:\/\/causa-obrera.org\/index.php\/wp-json\/wp\/v2\/pages\/21"}],"collection":[{"href":"https:\/\/causa-obrera.org\/index.php\/wp-json\/wp\/v2\/pages"}],"about":[{"href":"https:\/\/causa-obrera.org\/index.php\/wp-json\/wp\/v2\/types\/page"}],"author":[{"embeddable":true,"href":"https:\/\/causa-obrera.org\/index.php\/wp-json\/wp\/v2\/users\/1"}],"replies":[{"embeddable":true,"href":"https:\/\/causa-obrera.org\/index.php\/wp-json\/wp\/v2\/comments?post=21"}],"version-history":[{"count":0,"href":"https:\/\/causa-obrera.org\/index.php\/wp-json\/wp\/v2\/pages\/21\/revisions"}],"wp:featuredmedia":[{"embeddable":true,"href":"https:\/\/causa-obrera.org\/index.php\/wp-json\/"}],"wp:attachment":[{"href":"https:\/\/causa-obrera.org\/index.php\/wp-json\/wp\/v2\/media?parent=21"}],"curies":[{"name":"wp","href":"https:\/\/api.w.org\/{rel}","templated":true}]}}